{"id":268,"date":"2025-04-19T08:34:47","date_gmt":"2025-04-19T08:34:47","guid":{"rendered":"https:\/\/tufo.pt\/?page_id=268"},"modified":"2025-04-26T08:32:21","modified_gmt":"2025-04-26T08:32:21","slug":"termos-e-condicoes","status":"publish","type":"page","link":"https:\/\/tufo.pt\/en\/termos-e-condicoes\/","title":{"rendered":"Terms and conditions"},"content":{"rendered":"<p>A TUFO \u2013 Associa\u00e7\u00e3o pela Regenera\u00e7\u00e3o \u00e9 uma associa\u00e7\u00e3o sem fins lucrativos que tem por objeto, entre o mais, elaborar, desenvolver, implementar e gerir projetos que contribuam para promover o desenvolvimento harmonioso, equilibrado e feliz das Crian\u00e7as num contexto de liberdade e autenticidade, promovendo a sua autonomia e cidadania.<\/p>\n\n\n\n<p>O conte\u00fado deste website, relacionado com o projeto de aprendizagem na Floresta TUFO, \u00e9 disponibilizado com o objetivo de fornecer informa\u00e7\u00f5es de car\u00e1ter geral sobre as atividades art\u00edsticas, desportivas e recreativas para Crian\u00e7as organizadas pelo TUFO, n\u00e3o podendo ser entendido, em qualquer caso, como uma proposta de presta\u00e7\u00e3o de servi\u00e7os.<\/p>\n\n\n\n<p>A TUFO \u2013 Associa\u00e7\u00e3o pela Regenera\u00e7\u00e3o exclui a sua responsabilidade por quaisquer danos que poder\u00e3o ocorrer relacionados com informa\u00e7\u00e3o contida neste website. Este site tem como objetivo informar, n\u00e3o sendo garantida a atualiza\u00e7\u00e3o permanente de conte\u00fados. A TUFO \u2013 Associa\u00e7\u00e3o pela Regenera\u00e7\u00e3o autoriza o descarregamento e armazenamento tempor\u00e1rio do conte\u00fado deste website apenas para efeitos de visionamento do mesmo. A reprodu\u00e7\u00e3o, armazenamento permanente ou retransmiss\u00e3o do conte\u00fado deste website s\u00e3o expressamente proibidos sem a autoriza\u00e7\u00e3o pr\u00e9via e por escrito da TUFO \u2013 Associa\u00e7\u00e3o pela Regenera\u00e7\u00e3o.<\/p>\n\n\n\n<p>Todos os direitos relativos a este website s\u00e3o exclusiva titularidade da TUFO \u2013 Associa\u00e7\u00e3o pela Regenera\u00e7\u00e3o.<\/p>\n\n\n\n<p>Ao utilizar este website, a recolha e uso das suas informa\u00e7\u00f5es \u00e9 efetuada nos termos e condi\u00e7\u00f5es estabelecidos na Pol\u00edtica de Cookies, bem como na Pol\u00edtica de Privacidade (dando assim o seu acordo a ambas). Reservamo-nos no direito de alterar os termos e condi\u00e7\u00f5es de utiliza\u00e7\u00e3o deste website (incluindo a Pol\u00edtica de Privacidade ou a Pol\u00edtica de Cookies) a qualquer momento. Tais altera\u00e7\u00f5es ser\u00e3o publicadas neste website.<\/p>\n\n\n\n<div class=\"wp-block-cover alignfull has-parallax wp-duotone-unset-1\" style=\"margin-top:0em;margin-bottom:0em;padding-top:0;padding-right:0;padding-bottom:0;padding-left:0;min-height:100vh;aspect-ratio:unset;\"><div class=\"wp-block-cover__image-background wp-image-69 size-large has-parallax\" style=\"background-position:50% 50%;background-image:url(https:\/\/tufo.pt\/wp-content\/uploads\/2025\/04\/DSCF0933-scaled-1-683x1024.webp)\"><\/div><span aria-hidden=\"true\" class=\"wp-block-cover__background has-base-background-color has-background-dim-0 has-background-dim\"><\/span><div class=\"wp-block-cover__inner-container has-global-padding is-layout-constrained wp-container-core-cover-is-layout-fc402526 wp-block-cover-is-layout-constrained\">\n<div class=\"wp-block-columns is-layout-flex wp-container-core-columns-is-layout-1cecf408 wp-block-columns-is-layout-flex\" style=\"padding-top:var(--wp--preset--spacing--40);padding-right:var(--wp--preset--spacing--10);padding-bottom:var(--wp--preset--spacing--40);padding-left:var(--wp--preset--spacing--10)\">\n<div class=\"wp-block-column is-layout-flow wp-block-column-is-layout-flow\" style=\"flex-basis:50%\">\n<h2 class=\"wp-block-heading has-text-align-right\" style=\"margin-top:0;margin-right:0;margin-left:calc( var(--wp--preset--spacing--20) * -1);font-size:clamp(3.311rem, 3.311rem + ((1vw - 0.2rem) * 5.648), 6.7rem);line-height:1;writing-mode:vertical-rl\">COME AND PLAY!<\/h2>\n<\/div>\n\n\n\n<div class=\"wp-block-column is-layout-flow wp-block-column-is-layout-flow\" style=\"flex-basis:50%\">\n<div class=\"wp-block-group has-global-padding is-layout-constrained wp-container-core-group-is-layout-36e6658d wp-block-group-is-layout-constrained\" style=\"margin-top:var(--wp--preset--spacing--20);margin-bottom:var(--wp--preset--spacing--20)\">\n<p class=\"wp-container-content-0733e5d0\">Fill in this form and we'll get in touch with you to help clarify all your questions.<\/p>\n\n\n\n<div class=\"wp-block-buttons is-layout-flex wp-block-buttons-is-layout-flex\" style=\"margin-top:var(--wp--preset--spacing--10);margin-bottom:var(--wp--preset--spacing--10)\">\n<div class=\"wp-block-button\"><a class=\"wp-block-button__link wp-element-button\" href=\"https:\/\/forms.gle\/J6FJzFCRVKt2WrFi7\" target=\"_blank\" rel=\"noreferrer noopener\">Learn more<\/a><\/div>\n<\/div>\n<\/div>\n<\/div>\n<\/div>\n<\/div><\/div>","protected":false},"excerpt":{"rendered":"<p>A TUFO \u2013 Associa\u00e7\u00e3o pela Regenera\u00e7\u00e3o \u00e9 uma associa\u00e7\u00e3o sem fins lucrativos que tem por objeto, entre o mais, elaborar, desenvolver, implementar e gerir projetos que contribuam para promover o desenvolvimento harmonioso, equilibrado e feliz das Crian\u00e7as num contexto de liberdade e autenticidade, promovendo a sua autonomia e cidadania. O conte\u00fado deste website, relacionado com [&hellip;]<\/p>\n","protected":false},"author":1,"featured_media":0,"parent":0,"menu_order":0,"comment_status":"closed","ping_status":"closed","template":"","meta":{"footnotes":""},"class_list":["post-268","page","type-page","status-publish","hentry"],"yoast_head":"<!-- This site is optimized with the Yoast SEO plugin v27.4 - https:\/\/yoast.com\/product\/yoast-seo-wordpress\/ -->\n<title>Termos e condi\u00e7\u00f5es - TUFO<\/title>\n<meta name=\"description\" content=\"Termos e condi\u00e7\u00f5es do TUFO\" \/>\n<meta name=\"robots\" content=\"index, follow, max-snippet:-1, max-image-preview:large, max-video-preview:-1\" \/>\n<link rel=\"canonical\" href=\"https:\/\/tufo.pt\/en\/termos-e-condicoes\/\" \/>\n<meta property=\"og:locale\" content=\"en_US\" \/>\n<meta property=\"og:type\" content=\"article\" \/>\n<meta property=\"og:title\" content=\"Termos e condi\u00e7\u00f5es - TUFO\" \/>\n<meta property=\"og:description\" content=\"Termos e condi\u00e7\u00f5es do TUFO\" \/>\n<meta property=\"og:url\" content=\"https:\/\/tufo.pt\/en\/termos-e-condicoes\/\" \/>\n<meta property=\"og:site_name\" content=\"TUFO\" \/>\n<meta property=\"article:publisher\" content=\"https:\/\/facebook.com\/tufo.pt\" \/>\n<meta property=\"article:modified_time\" content=\"2025-04-26T08:32:21+00:00\" \/>\n<meta name=\"twitter:card\" content=\"summary_large_image\" \/>\n<meta name=\"twitter:label1\" content=\"Est. reading time\" \/>\n\t<meta name=\"twitter:data1\" content=\"3 minutes\" \/>\n<script type=\"application\/ld+json\" class=\"yoast-schema-graph\">{\"@context\":\"https:\\\/\\\/schema.org\",\"@graph\":[{\"@type\":\"WebPage\",\"@id\":\"https:\\\/\\\/tufo.pt\\\/termos-e-condicoes\\\/\",\"url\":\"https:\\\/\\\/tufo.pt\\\/termos-e-condicoes\\\/\",\"name\":\"Termos e condi\u00e7\u00f5es - TUFO\",\"isPartOf\":{\"@id\":\"https:\\\/\\\/tufo.pt\\\/#website\"},\"datePublished\":\"2025-04-19T08:34:47+00:00\",\"dateModified\":\"2025-04-26T08:32:21+00:00\",\"description\":\"Termos e condi\u00e7\u00f5es do TUFO\",\"breadcrumb\":{\"@id\":\"https:\\\/\\\/tufo.pt\\\/termos-e-condicoes\\\/#breadcrumb\"},\"inLanguage\":\"en-US\",\"potentialAction\":[{\"@type\":\"ReadAction\",\"target\":[\"https:\\\/\\\/tufo.pt\\\/termos-e-condicoes\\\/\"]}]},{\"@type\":\"BreadcrumbList\",\"@id\":\"https:\\\/\\\/tufo.pt\\\/termos-e-condicoes\\\/#breadcrumb\",\"itemListElement\":[{\"@type\":\"ListItem\",\"position\":1,\"name\":\"In\u00edcio\",\"item\":\"https:\\\/\\\/tufo.pt\\\/\"},{\"@type\":\"ListItem\",\"position\":2,\"name\":\"Termos e condi\u00e7\u00f5es\"}]},{\"@type\":\"WebSite\",\"@id\":\"https:\\\/\\\/tufo.pt\\\/#website\",\"url\":\"https:\\\/\\\/tufo.pt\\\/\",\"name\":\"TUFO\",\"description\":\"Escola na floresta\",\"publisher\":{\"@id\":\"https:\\\/\\\/tufo.pt\\\/#organization\"},\"potentialAction\":[{\"@type\":\"SearchAction\",\"target\":{\"@type\":\"EntryPoint\",\"urlTemplate\":\"https:\\\/\\\/tufo.pt\\\/?s={search_term_string}\"},\"query-input\":{\"@type\":\"PropertyValueSpecification\",\"valueRequired\":true,\"valueName\":\"search_term_string\"}}],\"inLanguage\":\"en-US\"},{\"@type\":\"Organization\",\"@id\":\"https:\\\/\\\/tufo.pt\\\/#organization\",\"name\":\"TUFO\",\"url\":\"https:\\\/\\\/tufo.pt\\\/\",\"logo\":{\"@type\":\"ImageObject\",\"inLanguage\":\"en-US\",\"@id\":\"https:\\\/\\\/tufo.pt\\\/#\\\/schema\\\/logo\\\/image\\\/\",\"url\":\"https:\\\/\\\/tufo.pt\\\/wp-content\\\/uploads\\\/2025\\\/04\\\/cropped-logotufo-120.webp\",\"contentUrl\":\"https:\\\/\\\/tufo.pt\\\/wp-content\\\/uploads\\\/2025\\\/04\\\/cropped-logotufo-120.webp\",\"width\":120,\"height\":120,\"caption\":\"TUFO\"},\"image\":{\"@id\":\"https:\\\/\\\/tufo.pt\\\/#\\\/schema\\\/logo\\\/image\\\/\"},\"sameAs\":[\"https:\\\/\\\/facebook.com\\\/tufo.pt\",\"https:\\\/\\\/www.instagram.com\\\/tufo.pt\"]}]}<\/script>\n<!-- \/ Yoast SEO plugin. -->","yoast_head_json":{"title":"Termos e condi\u00e7\u00f5es - TUFO","description":"Termos e condi\u00e7\u00f5es do TUFO","robots":{"index":"index","follow":"follow","max-snippet":"max-snippet:-1","max-image-preview":"max-image-preview:large","max-video-preview":"max-video-preview:-1"},"canonical":"https:\/\/tufo.pt\/en\/termos-e-condicoes\/","og_locale":"en_US","og_type":"article","og_title":"Termos e condi\u00e7\u00f5es - TUFO","og_description":"Termos e condi\u00e7\u00f5es do TUFO","og_url":"https:\/\/tufo.pt\/en\/termos-e-condicoes\/","og_site_name":"TUFO","article_publisher":"https:\/\/facebook.com\/tufo.pt","article_modified_time":"2025-04-26T08:32:21+00:00","twitter_card":"summary_large_image","twitter_misc":{"Est. reading time":"3 minutes"},"schema":{"@context":"https:\/\/schema.org","@graph":[{"@type":"WebPage","@id":"https:\/\/tufo.pt\/termos-e-condicoes\/","url":"https:\/\/tufo.pt\/termos-e-condicoes\/","name":"Termos e condi\u00e7\u00f5es - TUFO","isPartOf":{"@id":"https:\/\/tufo.pt\/#website"},"datePublished":"2025-04-19T08:34:47+00:00","dateModified":"2025-04-26T08:32:21+00:00","description":"Termos e condi\u00e7\u00f5es do TUFO","breadcrumb":{"@id":"https:\/\/tufo.pt\/termos-e-condicoes\/#breadcrumb"},"inLanguage":"en-US","potentialAction":[{"@type":"ReadAction","target":["https:\/\/tufo.pt\/termos-e-condicoes\/"]}]},{"@type":"BreadcrumbList","@id":"https:\/\/tufo.pt\/termos-e-condicoes\/#breadcrumb","itemListElement":[{"@type":"ListItem","position":1,"name":"In\u00edcio","item":"https:\/\/tufo.pt\/"},{"@type":"ListItem","position":2,"name":"Termos e condi\u00e7\u00f5es"}]},{"@type":"WebSite","@id":"https:\/\/tufo.pt\/#website","url":"https:\/\/tufo.pt\/","name":"TUFO","description":"Forest school","publisher":{"@id":"https:\/\/tufo.pt\/#organization"},"potentialAction":[{"@type":"SearchAction","target":{"@type":"EntryPoint","urlTemplate":"https:\/\/tufo.pt\/?s={search_term_string}"},"query-input":{"@type":"PropertyValueSpecification","valueRequired":true,"valueName":"search_term_string"}}],"inLanguage":"en-US"},{"@type":"Organization","@id":"https:\/\/tufo.pt\/#organization","name":"TUFO","url":"https:\/\/tufo.pt\/","logo":{"@type":"ImageObject","inLanguage":"en-US","@id":"https:\/\/tufo.pt\/#\/schema\/logo\/image\/","url":"https:\/\/tufo.pt\/wp-content\/uploads\/2025\/04\/cropped-logotufo-120.webp","contentUrl":"https:\/\/tufo.pt\/wp-content\/uploads\/2025\/04\/cropped-logotufo-120.webp","width":120,"height":120,"caption":"TUFO"},"image":{"@id":"https:\/\/tufo.pt\/#\/schema\/logo\/image\/"},"sameAs":["https:\/\/facebook.com\/tufo.pt","https:\/\/www.instagram.com\/tufo.pt"]}]}},"_links":{"self":[{"href":"https:\/\/tufo.pt\/en\/wp-json\/wp\/v2\/pages\/268","targetHints":{"allow":["GET"]}}],"collection":[{"href":"https:\/\/tufo.pt\/en\/wp-json\/wp\/v2\/pages"}],"about":[{"href":"https:\/\/tufo.pt\/en\/wp-json\/wp\/v2\/types\/page"}],"author":[{"embeddable":true,"href":"https:\/\/tufo.pt\/en\/wp-json\/wp\/v2\/users\/1"}],"replies":[{"embeddable":true,"href":"https:\/\/tufo.pt\/en\/wp-json\/wp\/v2\/comments?post=268"}],"version-history":[{"count":2,"href":"https:\/\/tufo.pt\/en\/wp-json\/wp\/v2\/pages\/268\/revisions"}],"predecessor-version":[{"id":270,"href":"https:\/\/tufo.pt\/en\/wp-json\/wp\/v2\/pages\/268\/revisions\/270"}],"wp:attachment":[{"href":"https:\/\/tufo.pt\/en\/wp-json\/wp\/v2\/media?parent=268"}],"curies":[{"name":"wp","href":"https:\/\/api.w.org\/{rel}","templated":true}]}}