{"id":3,"date":"2025-04-13T15:57:24","date_gmt":"2025-04-13T15:57:24","guid":{"rendered":"https:\/\/tufo.pt\/?page_id=3"},"modified":"2025-04-26T08:29:13","modified_gmt":"2025-04-26T08:29:13","slug":"politica-privacidade","status":"publish","type":"page","link":"https:\/\/tufo.pt\/en\/politica-privacidade\/","title":{"rendered":"Privacy policy"},"content":{"rendered":"<p><\/p>\n\n\n\n<p>TUFO \u2013 Associa\u00e7\u00e3o pela Regenera\u00e7\u00e3o (\u201cTUFO\u201d) est\u00e1 empenhada em proteger a privacidade de todos os seus utentes, associados e utilizadores do seu website e demais plataformas por este utilizadas (\u201cUtilizadores\u201d) e, por isso, elaborou a presente Pol\u00edtica de Privacidade como um compromisso pelo respeito da informa\u00e7\u00e3o pessoal das referidas pessoas e uma demonstra\u00e7\u00e3o de boas pr\u00e1ticas relativas \u00e0 prote\u00e7\u00e3o das informa\u00e7\u00f5es pessoais e de seguran\u00e7a, conforme descrito abaixo.<\/p>\n\n\n\n<p>Deve ler a presente Pol\u00edtica de Privacidade cuidadosamente. Ao aceder ao website ou \u00e0s demais plataformas digitais do TUFO, bem como atrav\u00e9s do preenchimento de informa\u00e7\u00e3o solicitada para efeito de participa\u00e7\u00e3o nas atividades do TUFO, estar\u00e1 a disponibilizar os seus Dados Pessoais, o que implica o conhecimento e aceita\u00e7\u00e3o das condi\u00e7\u00f5es aqui constantes, estando a autorizar a recolha e tratamento destes dados de acordo com as regras aqui definidas.<\/p>\n\n\n\n<p>O TUFO esclarece que a simples navega\u00e7\u00e3o ou acesso ao website e\/ou \u00e0s demais plataformas digitais por este utilizadas n\u00e3o implica a recolha dos seus Dados Pessoais ou cookies. No entanto, o website tamb\u00e9m utiliza cookies, pelo que disp\u00f5e de uma Pol\u00edtica de Cookies, a qual dever\u00e1 consultar.<\/p>\n\n\n\n<h3 class=\"wp-block-heading\">1. Dados Pessoais<\/h3>\n\n\n\n<p>Os Dados Pessoais s\u00e3o toda e qualquer informa\u00e7\u00e3o de qualquer natureza e independente do respetivo suporte, relacionada com uma pessoa singular identificada ou pass\u00edvel de ser identificada.<\/p>\n\n\n\n<p>Considera-se que uma pessoa singular que possa ser identificada, direta ou indiretamente, especialmente por refer\u00eancia a um identificador como um nome, n\u00famero de identifica\u00e7\u00e3o, dados de localiza\u00e7\u00e3o, identificadores por via eletr\u00f3nica ou outros elementos espec\u00edficos da identidade f\u00edsica, fisiol\u00f3gica, gen\u00e9tica, mental, econ\u00f3mica, cultural ou social, \u00e9 pass\u00edvel de ser identificada.<\/p>\n\n\n\n<p>Atrav\u00e9s dos meios acima referidos e conforme a finalidade mencionada abaixo, poder\u00e3o ser recolhidos, pelo menos, os seguintes Dados Pessoais: (i) nome, (ii) data de nascimento, (iii) dados de contacto (telefone, morada e e-mail), (iv) empresa representada, (v) dados de sa\u00fade das crian\u00e7as relativamente a alergias e h\u00e1bitos alimentares, necessidades medicamentosas e a outros dados relacionados com a sa\u00fade e (vi) outros dados pessoais relevantes&nbsp; (em conjunto, os \u201cDados Pessoais\u201d).<\/p>\n\n\n\n<h3 class=\"wp-block-heading\">2. Respons\u00e1vel pelo tratamento dos Dados Pessoais<\/h3>\n\n\n\n<p>A entidade respons\u00e1vel pela recolha e tratamento dos Dados Pessoais para as finalidades referidas infra \u00e9 o TUFO, associa\u00e7\u00e3o de direito privado e sem fins lucrativos, com sede estatut\u00e1ria na Rua Casal dos Ninhos 2 -2.\u00ba Frente, 2665-536 Venda do Pinheiro.<\/p>\n\n\n\n<p>Caso entenda que alguma informa\u00e7\u00e3o constante da presente Pol\u00edtica de Privacidade n\u00e3o esteja clara e transparente ou, por qualquer motivo que considere pertinente, poder\u00e1 entrar em contacto connosco atrav\u00e9s do endere\u00e7o de correio eletr\u00f3nico seguinte:&nbsp;<a href=\"mailto:sernafloresta@tufo.pt\">info@tufo.pt<\/a>&nbsp;<\/p>\n\n\n\n<h3 class=\"wp-block-heading\">3. Finalidade do tratamento de Dados Pessoais<\/h3>\n\n\n\n<p>A recolha e tratamento dos Dados Pessoais atrav\u00e9s dos meios acima referidos destina-se ao: (i) envio, ap\u00f3s solicita\u00e7\u00e3o pelo Utilizador, de informa\u00e7\u00e3o sobre as atividades desenvolvidas e (ii) inscri\u00e7\u00e3o nas atividades propostas (em conjunto, as \u201cFinalidades\u201d), pelo que o preenchimento do formul\u00e1rio correspondente a cada uma das Finalidades corresponde ao consentimento expresso e pr\u00e9vio ao tratamento dos Dados Pessoais fornecidos.<\/p>\n\n\n\n<p>Caso o Utilizador consinta expressa e previamente o tratamento dos seus Dados Pessoais, o TUFO compromete-se a proceder ao tratamento dos Dados Pessoais na medida e pelo tempo necess\u00e1rio \u00e0 concretiza\u00e7\u00e3o das Finalidades.<\/p>\n\n\n\n<p>Neste sentido, o TUFO n\u00e3o solicita nem encoraja o envio de Dados Pessoais referentes a convic\u00e7\u00f5es filos\u00f3ficas ou pol\u00edticas, filia\u00e7\u00e3o partid\u00e1ria ou sindical, f\u00e9 religiosa, vida privada e origem racial ou \u00e9tnica, bem como o tratamento de dados relativos \u00e0 vida sexual, incluindo os dados gen\u00e9ticos, pelo que, caso os forne\u00e7a ao TUFO, este n\u00e3o poder\u00e1 ser responsabilizado pelo seu tratamento ao abrigo da Pol\u00edtica de Privacidade.&nbsp;<\/p>\n\n\n\n<p>Sem preju\u00edzo de outras formas de contacto com o TUFO, o n\u00e3o fornecimento dos Dados Pessoais pelo Utilizador, impede o TUFO de o considerar para efeitos de envio de informa\u00e7\u00e3o\/inscri\u00e7\u00f5es ou outras informa\u00e7\u00f5es, consoante a situa\u00e7\u00e3o aplic\u00e1vel.&nbsp;<\/p>\n\n\n\n<h3 class=\"wp-block-heading\">4. Conserva\u00e7\u00e3o dos Dados Pessoais<\/h3>\n\n\n\n<p>O per\u00edodo de tempo durante o qual os Dados Pessoais s\u00e3o armazenados e conservados varia de acordo com as Finalidades.<\/p>\n\n\n\n<p>Assim, os Dados Pessoais tratados para pedido de informa\u00e7\u00e3o poder\u00e3o ser mantidos durante o per\u00edodo necess\u00e1rio ao cumprimento da finalidade. Os Dados Pessoais tratados para a finalidade de resposta a pedidos de informa\u00e7\u00e3o e\/ou inscri\u00e7\u00f5es ser\u00e3o guardados pelo per\u00edodo de 1 (um ano) ap\u00f3s o \u00faltimo contacto com o titular dos Dados Pessoais, sem preju\u00edzo de poderem ser praticados prazos mais alargados quando a situa\u00e7\u00e3o o justifique (e proporcionais a tal situa\u00e7\u00e3o), nomeadamente para salvaguarda de direitos do TUFO.<\/p>\n\n\n\n<h3 class=\"wp-block-heading\">5. Direito de acesso, retifica\u00e7\u00e3o, elimina\u00e7\u00e3o, limita\u00e7\u00e3o do tratamento e direito de portabilidade dos Dados Pessoais<\/h3>\n\n\n\n<p>Encontra-se garantido ao Utilizador, a qualquer momento, o direito de acesso aos seus Dados Pessoais, bem como a respetiva retifica\u00e7\u00e3o, apagamento, portabilidade, limita\u00e7\u00e3o e\/ou oposi\u00e7\u00e3o ao tratamento \u2013 neste sentido, poder\u00e1 exercer qualquer destes direitos dirigindo-se, por escrito ao TUFO, atrav\u00e9s do seguinte correio eletr\u00f3nico:&nbsp;<a href=\"mailto:sernafloresta@tufo.pt\">info@tufo.pt<\/a>&nbsp;<\/p>\n\n\n\n<p>Sem preju\u00edzo do acima disposto, o Utilizador ter\u00e1 sempre o direito de apresentar as reclama\u00e7\u00f5es que entender junto da autoridade com compet\u00eancia para o efeito.<\/p>\n\n\n\n<h3 class=\"wp-block-heading\">6. Seguran\u00e7a no Tratamento de Dados Pessoais<\/h3>\n\n\n\n<p>Os Dados Pessoais ser\u00e3o processados e armazenados informaticamente e em suporte de papel.<\/p>\n\n\n\n<p>O TUFO assume o compromisso de garantir a seguran\u00e7a e prote\u00e7\u00e3o dos Dados Pessoais que nos envia atrav\u00e9s do website, tendo adotado as medidas t\u00e9cnicas e organizativas adequadas ao efeito, nomeadamente: (i) prote\u00e7\u00e3o com passwords, (ii) utiliza\u00e7\u00e3o de certificados digitais, (iii) firewalls, (v)comunica\u00e7\u00e3o segura via protocolo https. O TUFO informa que as referidas medidas de seguran\u00e7a s\u00e3o revistas e atualizadas consoante as necessidades e o estado de arte nestas mat\u00e9rias.<\/p>\n\n\n\n<p>Caso, por algum motivo, se verifique uma viola\u00e7\u00e3o da seguran\u00e7a que provoque, de modo acidental ou il\u00edcito, a destrui\u00e7\u00e3o, a perda, a altera\u00e7\u00e3o, a divulga\u00e7\u00e3o ou o acesso, n\u00e3o autorizados, aos Dados Pessoais, o TUFO comunicar\u00e1 sem demora justificada e, sempre que poss\u00edvel, at\u00e9 72 horas ap\u00f3s ter tido conhecimento da mesma e nos termos da legisla\u00e7\u00e3o aplic\u00e1vel, tal facto \u00e0s autoridades competentes. Da mesma forma, TUFO comunica a viola\u00e7\u00e3o dos Dados Pessoais ao respetivo titular dos Dados Pessoais, nos termos da legisla\u00e7\u00e3o aplic\u00e1vel.&nbsp;<\/p>\n\n\n\n<p>N\u00e3o obstante as medidas de seguran\u00e7a adotadas pelo TUFO, alertamos os Utilizadores que dever\u00e3o adotar medidas adicionais de seguran\u00e7a designadamente, assegurar a exist\u00eancia de uma firewall ativa, e antiv\u00edrus e anti-spyware atualizados.<\/p>\n\n\n\n<h3 class=\"wp-block-heading\">7. Comunica\u00e7\u00e3o dos Dados Pessoais a Entidades Terceiras<\/h3>\n\n\n\n<p>O TUFO, no \u00e2mbito da sua atividade, poder\u00e1 recorrer a terceiros para a presta\u00e7\u00e3o de determinados servi\u00e7os. Tais terceiros poder\u00e3o estar localizados dentro ou fora da Uni\u00e3o Europeia. Por vezes, a presta\u00e7\u00e3o destes servi\u00e7os implica o acesso, por estas entidades, a Dados Pessoais dos Utilizadores.&nbsp;<\/p>\n\n\n\n<p>Quando tal sucede, o TUFO toma as medidas adequadas, de forma a assegurar que as entidades que tenham acesso aos Dados Pessoais, s\u00e3o reputadas e oferecem elevadas garantias a este n\u00edvel, o que ficar\u00e1 devidamente consagrado e acautelado em contrato a celebrar, por escrito, entre o TUFO e a(s) terceira(s) entidade(s).&nbsp;<\/p>\n\n\n\n<p>Assim, qualquer entidade subcontratada pelo TUFO tratar\u00e1 os Dados Pessoais dos Utilizadores, em nome e por conta do TUFO na obriga\u00e7\u00e3o de adotar as medidas t\u00e9cnicas e organizacionais necess\u00e1rias de forma a proteger os Dados Pessoais contra a destrui\u00e7\u00e3o, acidental ou il\u00edcita, a perda acidental, a altera\u00e7\u00e3o, a difus\u00e3o ou o acesso n\u00e3o autorizado e contra qualquer outra forma de tratamento il\u00edcito.&nbsp;<\/p>\n\n\n\n<p>Em qualquer dos casos, o TUFO permanece respons\u00e1vel pelo tratamento dos Dados Pessoais.<\/p>\n\n\n\n<p>Quando necess\u00e1rio no \u00e2mbito da contrata\u00e7\u00e3o de terceiros pelo TUFO, os Dados Pessoais poder\u00e3o ser transferidos para fora da Uni\u00e3o Europeia, nos termos e condi\u00e7\u00f5es permitidos pela legisla\u00e7\u00e3o aplic\u00e1vel.<\/p>\n\n\n\n<h3 class=\"wp-block-heading\">8. Acesso a websites de terceiros<\/h3>\n\n\n\n<p>A Pol\u00edtica de Privacidade n\u00e3o \u00e9 aplic\u00e1vel a websites de terceiros, pelo que, caso visite outro website a partir deste dever\u00e1 sempre ler a pol\u00edtica de privacidade desse website e verificar se concorda com os seus termos antes de fornecer os seus dados.<\/p>\n\n\n\n<p>O TUFO n\u00e3o se responsabiliza pela pol\u00edtica de privacidade, nem pelos conte\u00fados disponibilizados nos websites de terceiros.<\/p>\n\n\n\n<h3 class=\"wp-block-heading\">9. Altera\u00e7\u00f5es \u00e0 Pol\u00edtica de Privacidade<\/h3>\n\n\n\n<p>O TUFO reserva-se o direito de, a qualquer altura, proceder a reajustamentos ou altera\u00e7\u00f5es \u00e0 presente Pol\u00edtica de Privacidade, sendo essas altera\u00e7\u00f5es devidamente publicadas no seu website. A vers\u00e3o publicada no seu website \u00e9 a que se encontra atualmente em vigor.<\/p>\n\n\n\n<div class=\"wp-block-cover alignfull has-parallax wp-duotone-unset-1\" style=\"margin-top:0em;margin-bottom:0em;padding-top:0;padding-right:0;padding-bottom:0;padding-left:0;min-height:100vh;aspect-ratio:unset;\"><div class=\"wp-block-cover__image-background wp-image-69 size-large has-parallax\" style=\"background-position:50% 50%;background-image:url(https:\/\/tufo.pt\/wp-content\/uploads\/2025\/04\/DSCF0933-scaled-1-683x1024.webp)\"><\/div><span aria-hidden=\"true\" class=\"wp-block-cover__background has-base-background-color has-background-dim-0 has-background-dim\"><\/span><div class=\"wp-block-cover__inner-container has-global-padding is-layout-constrained wp-container-core-cover-is-layout-fc402526 wp-block-cover-is-layout-constrained\">\n<div class=\"wp-block-columns is-layout-flex wp-container-core-columns-is-layout-1cecf408 wp-block-columns-is-layout-flex\" style=\"padding-top:var(--wp--preset--spacing--40);padding-right:var(--wp--preset--spacing--10);padding-bottom:var(--wp--preset--spacing--40);padding-left:var(--wp--preset--spacing--10)\">\n<div class=\"wp-block-column is-layout-flow wp-block-column-is-layout-flow\" style=\"flex-basis:50%\">\n<h2 class=\"wp-block-heading has-text-align-right\" style=\"margin-top:0;margin-right:0;margin-left:calc( var(--wp--preset--spacing--20) * -1);font-size:clamp(3.311rem, 3.311rem + ((1vw - 0.2rem) * 5.648), 6.7rem);line-height:1;writing-mode:vertical-rl\">COME AND PLAY!<\/h2>\n<\/div>\n\n\n\n<div class=\"wp-block-column is-layout-flow wp-block-column-is-layout-flow\" style=\"flex-basis:50%\">\n<div class=\"wp-block-group has-global-padding is-layout-constrained wp-container-core-group-is-layout-36e6658d wp-block-group-is-layout-constrained\" style=\"margin-top:var(--wp--preset--spacing--20);margin-bottom:var(--wp--preset--spacing--20)\">\n<p class=\"wp-container-content-0733e5d0\">Fill in this form and we'll get in touch with you to help clarify all your questions.<\/p>\n\n\n\n<div class=\"wp-block-buttons is-layout-flex wp-block-buttons-is-layout-flex\" style=\"margin-top:var(--wp--preset--spacing--10);margin-bottom:var(--wp--preset--spacing--10)\">\n<div class=\"wp-block-button\"><a class=\"wp-block-button__link wp-element-button\" href=\"https:\/\/forms.gle\/J6FJzFCRVKt2WrFi7\" target=\"_blank\" rel=\"noreferrer noopener\">Learn more<\/a><\/div>\n<\/div>\n<\/div>\n<\/div>\n<\/div>\n<\/div><\/div>","protected":false},"excerpt":{"rendered":"<p>TUFO \u2013 Associa\u00e7\u00e3o pela Regenera\u00e7\u00e3o (\u201cTUFO\u201d) est\u00e1 empenhada em proteger a privacidade de todos os seus utentes, associados e utilizadores do seu website e demais plataformas por este utilizadas (\u201cUtilizadores\u201d) e, por isso, elaborou a presente Pol\u00edtica de Privacidade como um compromisso pelo respeito da informa\u00e7\u00e3o pessoal das referidas pessoas e uma demonstra\u00e7\u00e3o de boas [&hellip;]<\/p>\n","protected":false},"author":1,"featured_media":0,"parent":0,"menu_order":0,"comment_status":"closed","ping_status":"open","template":"","meta":{"footnotes":""},"class_list":["post-3","page","type-page","status-publish","hentry"],"yoast_head":"<!-- This site is optimized with the Yoast SEO plugin v27.4 - https:\/\/yoast.com\/product\/yoast-seo-wordpress\/ -->\n<title>Pol\u00edtica de privacidade - TUFO<\/title>\n<meta name=\"description\" content=\"Pol\u00edtica de privacidade do TUFO\" \/>\n<meta name=\"robots\" content=\"index, follow, max-snippet:-1, max-image-preview:large, max-video-preview:-1\" \/>\n<link rel=\"canonical\" href=\"https:\/\/tufo.pt\/en\/politica-privacidade\/\" \/>\n<meta property=\"og:locale\" content=\"en_US\" \/>\n<meta property=\"og:type\" content=\"article\" \/>\n<meta property=\"og:title\" content=\"Pol\u00edtica de privacidade - TUFO\" \/>\n<meta property=\"og:description\" content=\"Pol\u00edtica de privacidade do TUFO\" \/>\n<meta property=\"og:url\" content=\"https:\/\/tufo.pt\/en\/politica-privacidade\/\" \/>\n<meta property=\"og:site_name\" content=\"TUFO\" \/>\n<meta property=\"article:publisher\" content=\"https:\/\/facebook.com\/tufo.pt\" \/>\n<meta property=\"article:modified_time\" content=\"2025-04-26T08:29:13+00:00\" \/>\n<meta name=\"twitter:card\" content=\"summary_large_image\" \/>\n<meta name=\"twitter:label1\" content=\"Est. reading time\" \/>\n\t<meta name=\"twitter:data1\" content=\"8 minutes\" \/>\n<script type=\"application\/ld+json\" class=\"yoast-schema-graph\">{\"@context\":\"https:\\\/\\\/schema.org\",\"@graph\":[{\"@type\":\"WebPage\",\"@id\":\"https:\\\/\\\/tufo.pt\\\/politica-privacidade\\\/\",\"url\":\"https:\\\/\\\/tufo.pt\\\/politica-privacidade\\\/\",\"name\":\"Pol\u00edtica de privacidade - TUFO\",\"isPartOf\":{\"@id\":\"https:\\\/\\\/tufo.pt\\\/#website\"},\"datePublished\":\"2025-04-13T15:57:24+00:00\",\"dateModified\":\"2025-04-26T08:29:13+00:00\",\"description\":\"Pol\u00edtica de privacidade do TUFO\",\"breadcrumb\":{\"@id\":\"https:\\\/\\\/tufo.pt\\\/politica-privacidade\\\/#breadcrumb\"},\"inLanguage\":\"en-US\",\"potentialAction\":[{\"@type\":\"ReadAction\",\"target\":[\"https:\\\/\\\/tufo.pt\\\/politica-privacidade\\\/\"]}]},{\"@type\":\"BreadcrumbList\",\"@id\":\"https:\\\/\\\/tufo.pt\\\/politica-privacidade\\\/#breadcrumb\",\"itemListElement\":[{\"@type\":\"ListItem\",\"position\":1,\"name\":\"In\u00edcio\",\"item\":\"https:\\\/\\\/tufo.pt\\\/\"},{\"@type\":\"ListItem\",\"position\":2,\"name\":\"Pol\u00edtica de privacidade\"}]},{\"@type\":\"WebSite\",\"@id\":\"https:\\\/\\\/tufo.pt\\\/#website\",\"url\":\"https:\\\/\\\/tufo.pt\\\/\",\"name\":\"TUFO\",\"description\":\"Escola na floresta\",\"publisher\":{\"@id\":\"https:\\\/\\\/tufo.pt\\\/#organization\"},\"potentialAction\":[{\"@type\":\"SearchAction\",\"target\":{\"@type\":\"EntryPoint\",\"urlTemplate\":\"https:\\\/\\\/tufo.pt\\\/?s={search_term_string}\"},\"query-input\":{\"@type\":\"PropertyValueSpecification\",\"valueRequired\":true,\"valueName\":\"search_term_string\"}}],\"inLanguage\":\"en-US\"},{\"@type\":\"Organization\",\"@id\":\"https:\\\/\\\/tufo.pt\\\/#organization\",\"name\":\"TUFO\",\"url\":\"https:\\\/\\\/tufo.pt\\\/\",\"logo\":{\"@type\":\"ImageObject\",\"inLanguage\":\"en-US\",\"@id\":\"https:\\\/\\\/tufo.pt\\\/#\\\/schema\\\/logo\\\/image\\\/\",\"url\":\"https:\\\/\\\/tufo.pt\\\/wp-content\\\/uploads\\\/2025\\\/04\\\/cropped-logotufo-120.webp\",\"contentUrl\":\"https:\\\/\\\/tufo.pt\\\/wp-content\\\/uploads\\\/2025\\\/04\\\/cropped-logotufo-120.webp\",\"width\":120,\"height\":120,\"caption\":\"TUFO\"},\"image\":{\"@id\":\"https:\\\/\\\/tufo.pt\\\/#\\\/schema\\\/logo\\\/image\\\/\"},\"sameAs\":[\"https:\\\/\\\/facebook.com\\\/tufo.pt\",\"https:\\\/\\\/www.instagram.com\\\/tufo.pt\"]}]}<\/script>\n<!-- \/ Yoast SEO plugin. -->","yoast_head_json":{"title":"Pol\u00edtica de privacidade - TUFO","description":"Pol\u00edtica de privacidade do TUFO","robots":{"index":"index","follow":"follow","max-snippet":"max-snippet:-1","max-image-preview":"max-image-preview:large","max-video-preview":"max-video-preview:-1"},"canonical":"https:\/\/tufo.pt\/en\/politica-privacidade\/","og_locale":"en_US","og_type":"article","og_title":"Pol\u00edtica de privacidade - TUFO","og_description":"Pol\u00edtica de privacidade do TUFO","og_url":"https:\/\/tufo.pt\/en\/politica-privacidade\/","og_site_name":"TUFO","article_publisher":"https:\/\/facebook.com\/tufo.pt","article_modified_time":"2025-04-26T08:29:13+00:00","twitter_card":"summary_large_image","twitter_misc":{"Est. reading time":"8 minutes"},"schema":{"@context":"https:\/\/schema.org","@graph":[{"@type":"WebPage","@id":"https:\/\/tufo.pt\/politica-privacidade\/","url":"https:\/\/tufo.pt\/politica-privacidade\/","name":"Pol\u00edtica de privacidade - TUFO","isPartOf":{"@id":"https:\/\/tufo.pt\/#website"},"datePublished":"2025-04-13T15:57:24+00:00","dateModified":"2025-04-26T08:29:13+00:00","description":"Pol\u00edtica de privacidade do TUFO","breadcrumb":{"@id":"https:\/\/tufo.pt\/politica-privacidade\/#breadcrumb"},"inLanguage":"en-US","potentialAction":[{"@type":"ReadAction","target":["https:\/\/tufo.pt\/politica-privacidade\/"]}]},{"@type":"BreadcrumbList","@id":"https:\/\/tufo.pt\/politica-privacidade\/#breadcrumb","itemListElement":[{"@type":"ListItem","position":1,"name":"In\u00edcio","item":"https:\/\/tufo.pt\/"},{"@type":"ListItem","position":2,"name":"Pol\u00edtica de privacidade"}]},{"@type":"WebSite","@id":"https:\/\/tufo.pt\/#website","url":"https:\/\/tufo.pt\/","name":"TUFO","description":"Forest school","publisher":{"@id":"https:\/\/tufo.pt\/#organization"},"potentialAction":[{"@type":"SearchAction","target":{"@type":"EntryPoint","urlTemplate":"https:\/\/tufo.pt\/?s={search_term_string}"},"query-input":{"@type":"PropertyValueSpecification","valueRequired":true,"valueName":"search_term_string"}}],"inLanguage":"en-US"},{"@type":"Organization","@id":"https:\/\/tufo.pt\/#organization","name":"TUFO","url":"https:\/\/tufo.pt\/","logo":{"@type":"ImageObject","inLanguage":"en-US","@id":"https:\/\/tufo.pt\/#\/schema\/logo\/image\/","url":"https:\/\/tufo.pt\/wp-content\/uploads\/2025\/04\/cropped-logotufo-120.webp","contentUrl":"https:\/\/tufo.pt\/wp-content\/uploads\/2025\/04\/cropped-logotufo-120.webp","width":120,"height":120,"caption":"TUFO"},"image":{"@id":"https:\/\/tufo.pt\/#\/schema\/logo\/image\/"},"sameAs":["https:\/\/facebook.com\/tufo.pt","https:\/\/www.instagram.com\/tufo.pt"]}]}},"_links":{"self":[{"href":"https:\/\/tufo.pt\/en\/wp-json\/wp\/v2\/pages\/3","targetHints":{"allow":["GET"]}}],"collection":[{"href":"https:\/\/tufo.pt\/en\/wp-json\/wp\/v2\/pages"}],"about":[{"href":"https:\/\/tufo.pt\/en\/wp-json\/wp\/v2\/types\/page"}],"author":[{"embeddable":true,"href":"https:\/\/tufo.pt\/en\/wp-json\/wp\/v2\/users\/1"}],"replies":[{"embeddable":true,"href":"https:\/\/tufo.pt\/en\/wp-json\/wp\/v2\/comments?post=3"}],"version-history":[{"count":2,"href":"https:\/\/tufo.pt\/en\/wp-json\/wp\/v2\/pages\/3\/revisions"}],"predecessor-version":[{"id":304,"href":"https:\/\/tufo.pt\/en\/wp-json\/wp\/v2\/pages\/3\/revisions\/304"}],"wp:attachment":[{"href":"https:\/\/tufo.pt\/en\/wp-json\/wp\/v2\/media?parent=3"}],"curies":[{"name":"wp","href":"https:\/\/api.w.org\/{rel}","templated":true}]}}