{"id":7,"date":"2025-04-13T16:05:23","date_gmt":"2025-04-13T16:05:23","guid":{"rendered":"https:\/\/tufo.pt\/?page_id=7"},"modified":"2026-03-28T10:34:49","modified_gmt":"2026-03-28T10:34:49","slug":"tufo-infancia-na-natureza","status":"publish","type":"page","link":"https:\/\/tufo.pt\/en\/","title":{"rendered":"TUFO &#8211; Escola na floresta"},"content":{"rendered":"<div class=\"wp-block-cover alignfull is-light has-base-2-color has-text-color has-link-color wp-elements-f385da121458a3a46b8b0c76ccc80cde\" style=\"padding-top:var(--wp--preset--spacing--50);padding-bottom:var(--wp--preset--spacing--50)\"><video class=\"wp-block-cover__video-background intrinsic-ignore\" autoplay muted loop playsinline src=\"https:\/\/tufo.pt\/wp-content\/uploads\/2025\/06\/video_web.mp4\" data-object-fit=\"cover\"><\/video><span aria-hidden=\"true\" class=\"wp-block-cover__background has-background-dim\" style=\"background-color:#c2abab\"><\/span><div class=\"wp-block-cover__inner-container is-layout-flow wp-block-cover-is-layout-flow\">\n<h1 class=\"wp-block-heading has-text-align-center has-x-large-font-size\">Welcome to TUFO<\/h1>\n\n\n\n<p class=\"has-text-align-center\">We are a&nbsp;<strong>outdoor education community providing a childhood in nature for children from 3 to 6 years old<\/strong>. <br><br>We develop activities for children in Venda do Pinheiro, Mafra, based on a pedagogical model&nbsp;<strong>innovative<\/strong>, involving families and the local community in an active way, through the&nbsp;<strong>regeneration of human and non-human ecosystems<\/strong>.<\/p>\n\n\n\n<div style=\"height:19px\" aria-hidden=\"true\" class=\"wp-block-spacer\"><\/div>\n\n\n\n<div class=\"wp-block-buttons is-content-justification-center is-layout-flex wp-container-core-buttons-is-layout-a89b3969 wp-block-buttons-is-layout-flex\">\n<div class=\"wp-block-button\"><a class=\"wp-block-button__link has-text-align-center wp-element-button\" href=\"https:\/\/tufo.pt\/en\/escola-na-floresta\/\">Registrations open 26\/27<\/a><\/div>\n<\/div>\n<\/div><\/div>\n\n\n\n<div class=\"wp-block-group alignfull has-global-padding is-layout-constrained wp-container-core-group-is-layout-d89aad35 wp-block-group-is-layout-constrained\" style=\"margin-top:0;margin-bottom:0;padding-top:var(--wp--preset--spacing--50);padding-right:var(--wp--preset--spacing--50);padding-bottom:var(--wp--preset--spacing--50);padding-left:var(--wp--preset--spacing--50)\">\n<div class=\"wp-block-group is-vertical is-content-justification-center is-layout-flex wp-container-core-group-is-layout-6329a8f3 wp-block-group-is-layout-flex\">\n<h2 class=\"wp-block-heading has-text-align-center is-style-asterisk\">FOREST ACTIVITIES<\/h2>\n<\/div>\n\n\n\n<div style=\"height:60px\" aria-hidden=\"true\" class=\"wp-block-spacer\"><\/div>\n\n\n\n<div class=\"wp-block-columns alignwide are-vertically-aligned-center is-layout-flex wp-container-core-columns-is-layout-47c06fe3 wp-block-columns-is-layout-flex\">\n<div class=\"wp-block-column is-vertically-aligned-center is-layout-flow wp-block-column-is-layout-flow\" style=\"flex-basis:50%\">\n<h2 class=\"wp-block-heading\"><strong>SCHOOL IN THE FOREST<\/strong><\/h2>\n\n\n\n<ul style=\"line-height:1.75\" class=\"wp-block-list is-style-checkmark-list\">\n<li>Children aged 3 to 6<\/li>\n\n\n\n<li>Full-time or part-time options<\/li>\n\n\n\n<li><strong>Registration open 26\/27<\/strong><\/li>\n<\/ul>\n\n\n\n<div class=\"wp-block-buttons is-layout-flex wp-block-buttons-is-layout-flex\">\n<div class=\"wp-block-button\"><a class=\"wp-block-button__link wp-element-button\" href=\"http:\/\/tufo.pt\/en\/escola-na-floresta\/\">Learn more<\/a><\/div>\n<\/div>\n<\/div>\n\n\n\n<div class=\"wp-block-column is-vertically-aligned-center is-layout-flow wp-block-column-is-layout-flow\" style=\"flex-basis:50%\">\n<figure class=\"wp-block-image size-large has-custom-border is-style-default\"><img decoding=\"async\" width=\"768\" height=\"1024\" src=\"https:\/\/tufo.pt\/wp-content\/uploads\/2025\/04\/IMG_1134-scaled-1-768x1024.webp\" alt=\"Grupo terra\" class=\"wp-image-94\" style=\"border-radius:10px;aspect-ratio:4\/3;object-fit:cover\" srcset=\"https:\/\/tufo.pt\/wp-content\/uploads\/2025\/04\/IMG_1134-scaled-1-768x1024.webp 768w, https:\/\/tufo.pt\/wp-content\/uploads\/2025\/04\/IMG_1134-scaled-1-225x300.webp 225w, https:\/\/tufo.pt\/wp-content\/uploads\/2025\/04\/IMG_1134-scaled-1-1152x1536.webp 1152w, https:\/\/tufo.pt\/wp-content\/uploads\/2025\/04\/IMG_1134-scaled-1-1536x2048.webp 1536w, https:\/\/tufo.pt\/wp-content\/uploads\/2025\/04\/IMG_1134-scaled-1.webp 1920w\" sizes=\"(max-width: 768px) 100vw, 768px\" \/><\/figure>\n<\/div>\n<\/div>\n\n\n\n<div style=\"height:60px\" aria-hidden=\"true\" class=\"wp-block-spacer\"><\/div>\n\n\n\n<div class=\"wp-block-columns alignwide are-vertically-aligned-center is-layout-flex wp-container-core-columns-is-layout-47c06fe3 wp-block-columns-is-layout-flex\">\n<div class=\"wp-block-column is-vertically-aligned-center is-layout-flow wp-block-column-is-layout-flow\" style=\"flex-basis:50%\">\n<h2 class=\"wp-block-heading\"><strong>EVENTS<\/strong><\/h2>\n\n\n\n<ul style=\"line-height:1.75\" class=\"wp-block-list is-style-checkmark-list\">\n<li>Celebrations<\/li>\n\n\n\n<li>Vacation weeks<\/li>\n\n\n\n<li>Thematic activities<\/li>\n<\/ul>\n\n\n\n<div class=\"wp-block-buttons is-layout-flex wp-block-buttons-is-layout-flex\">\n<div class=\"wp-block-button\"><a class=\"wp-block-button__link wp-element-button\" href=\"https:\/\/tufo.pt\/en\/eventos\/\">Learn more<\/a><\/div>\n<\/div>\n<\/div>\n\n\n\n<div class=\"wp-block-column is-vertically-aligned-center is-layout-flow wp-block-column-is-layout-flow\" style=\"flex-basis:50%\">\n<figure class=\"wp-block-image size-large has-custom-border is-style-default\"><img decoding=\"async\" width=\"1024\" height=\"683\" src=\"https:\/\/tufo.pt\/wp-content\/uploads\/2025\/04\/SON05354-scaled.jpg-1024x683.webp\" alt=\"eventos\" class=\"wp-image-135\" style=\"border-radius:10px;aspect-ratio:4\/3;object-fit:cover\" srcset=\"https:\/\/tufo.pt\/wp-content\/uploads\/2025\/04\/SON05354-scaled.jpg-1024x683.webp 1024w, https:\/\/tufo.pt\/wp-content\/uploads\/2025\/04\/SON05354-scaled.jpg-300x200.webp 300w, https:\/\/tufo.pt\/wp-content\/uploads\/2025\/04\/SON05354-scaled.jpg-768x512.webp 768w, https:\/\/tufo.pt\/wp-content\/uploads\/2025\/04\/SON05354-scaled.jpg-1536x1024.webp 1536w, https:\/\/tufo.pt\/wp-content\/uploads\/2025\/04\/SON05354-scaled.jpg-2048x1366.webp 2048w\" sizes=\"(max-width: 1024px) 100vw, 1024px\" \/><\/figure>\n<\/div>\n<\/div>\n\n\n\n<p><\/p>\n<\/div>\n\n\n\n<div style=\"height:60px\" aria-hidden=\"true\" class=\"wp-block-spacer\"><\/div>\n\n\n\n<div class=\"wp-block-group alignfull has-base-2-color has-contrast-background-color has-text-color has-background has-link-color wp-elements-fa7b146556e285840e80d9581d898825 has-global-padding is-layout-constrained wp-container-core-group-is-layout-dea900f1 wp-block-group-is-layout-constrained\" style=\"margin-top:0;margin-bottom:0;padding-top:var(--wp--preset--spacing--50);padding-right:var(--wp--preset--spacing--50);padding-bottom:var(--wp--preset--spacing--50);padding-left:var(--wp--preset--spacing--50)\">\n<h3 class=\"wp-block-heading has-text-align-center has-base-2-color has-text-color has-link-color wp-elements-f4df9fde7a9bd88aa968549659d04959\" style=\"padding-top:0;padding-right:0;padding-bottom:0;padding-left:0\">We have a social and environmental mission<\/h3>\n\n\n\n<div style=\"height:60px\" aria-hidden=\"true\" class=\"wp-block-spacer\"><\/div>\n\n\n\n<div class=\"wp-block-columns alignwide is-layout-flex wp-container-core-columns-is-layout-776a2480 wp-block-columns-is-layout-flex\" style=\"padding-top:0;padding-right:0;padding-bottom:0;padding-left:0\">\n<div class=\"wp-block-column is-vertically-aligned-stretch is-layout-flow wp-block-column-is-layout-flow\" style=\"padding-right:0;flex-basis:60%\">\n<div class=\"wp-block-group is-vertical is-content-justification-stretch is-layout-flex wp-container-core-group-is-layout-ae24f51d wp-block-group-is-layout-flex\" style=\"min-height:100%\">\n<figure class=\"wp-block-image size-large has-custom-border is-style-default\"><img decoding=\"async\" width=\"768\" height=\"1024\" src=\"https:\/\/tufo.pt\/wp-content\/uploads\/2025\/04\/IMG_1070-scaled-1-768x1024.webp\" alt=\"inf\u00e2ncia na natureza\" class=\"wp-image-91\" style=\"border-radius:10px;aspect-ratio:9\/16;object-fit:cover\" srcset=\"https:\/\/tufo.pt\/wp-content\/uploads\/2025\/04\/IMG_1070-scaled-1-768x1024.webp 768w, https:\/\/tufo.pt\/wp-content\/uploads\/2025\/04\/IMG_1070-scaled-1-225x300.webp 225w, https:\/\/tufo.pt\/wp-content\/uploads\/2025\/04\/IMG_1070-scaled-1-1152x1536.webp 1152w, https:\/\/tufo.pt\/wp-content\/uploads\/2025\/04\/IMG_1070-scaled-1-1536x2048.webp 1536w, https:\/\/tufo.pt\/wp-content\/uploads\/2025\/04\/IMG_1070-scaled-1.webp 1920w\" sizes=\"(max-width: 768px) 100vw, 768px\" \/><\/figure>\n\n\n\n<p class=\"has-medium-font-size\">Day-to-day life at the Forest School, in an outdoor learning context, has a scientifically proven positive impact on children's development.<\/p>\n<\/div>\n<\/div>\n\n\n\n<div class=\"wp-block-column is-layout-flow wp-block-column-is-layout-flow\" style=\"flex-basis:40%\">\n<div class=\"wp-block-group has-global-padding is-layout-constrained wp-block-group-is-layout-constrained\">\n<div class=\"wp-block-group is-layout-flow wp-block-group-is-layout-flow\">\n<p class=\"has-medium-font-size\">We believe that outdoor education should have less to do with concepts and much more to do with the&nbsp;<strong>living and experiencing our being<\/strong>.<\/p>\n\n\n\n<p class=\"has-medium-font-size\">It's important to give children space to discover (themselves) and the world. <\/p>\n\n\n\n<figure class=\"wp-block-image size-large has-custom-border is-style-default\"><img decoding=\"async\" width=\"683\" height=\"1024\" src=\"https:\/\/tufo.pt\/wp-content\/uploads\/2025\/04\/SON04807-scaled.jpg-683x1024.webp\" alt=\"inf\u00e2ncia na natureza\" class=\"wp-image-124\" style=\"border-radius:10px;aspect-ratio:9\/16;object-fit:cover\" srcset=\"https:\/\/tufo.pt\/wp-content\/uploads\/2025\/04\/SON04807-scaled.jpg-683x1024.webp 683w, https:\/\/tufo.pt\/wp-content\/uploads\/2025\/04\/SON04807-scaled.jpg-200x300.webp 200w, https:\/\/tufo.pt\/wp-content\/uploads\/2025\/04\/SON04807-scaled.jpg-768x1152.webp 768w, https:\/\/tufo.pt\/wp-content\/uploads\/2025\/04\/SON04807-scaled.jpg-1024x1536.webp 1024w, https:\/\/tufo.pt\/wp-content\/uploads\/2025\/04\/SON04807-scaled.jpg-1366x2048.webp 1366w, https:\/\/tufo.pt\/wp-content\/uploads\/2025\/04\/SON04807-scaled.jpg.webp 1707w\" sizes=\"(max-width: 683px) 100vw, 683px\" \/><\/figure>\n<\/div>\n<\/div>\n<\/div>\n<\/div>\n\n\n\n<div style=\"height:60px\" aria-hidden=\"true\" class=\"wp-block-spacer\"><\/div>\n<\/div>\n\n\n\n<div class=\"wp-block-cover alignfull has-parallax wp-duotone-unset-1\" style=\"margin-top:0em;margin-bottom:0em;padding-top:0;padding-right:0;padding-bottom:0;padding-left:0;min-height:100vh;aspect-ratio:unset;\"><div class=\"wp-block-cover__image-background wp-image-69 size-large has-parallax\" style=\"background-position:50% 50%;background-image:url(https:\/\/tufo.pt\/wp-content\/uploads\/2025\/04\/DSCF0933-scaled-1-683x1024.webp)\"><\/div><span aria-hidden=\"true\" class=\"wp-block-cover__background has-base-background-color has-background-dim-0 has-background-dim\"><\/span><div class=\"wp-block-cover__inner-container has-global-padding is-layout-constrained wp-container-core-cover-is-layout-fc402526 wp-block-cover-is-layout-constrained\">\n<div class=\"wp-block-columns is-layout-flex wp-container-core-columns-is-layout-1cecf408 wp-block-columns-is-layout-flex\" style=\"padding-top:var(--wp--preset--spacing--40);padding-right:var(--wp--preset--spacing--10);padding-bottom:var(--wp--preset--spacing--40);padding-left:var(--wp--preset--spacing--10)\">\n<div class=\"wp-block-column is-layout-flow wp-block-column-is-layout-flow\" style=\"flex-basis:50%\">\n<h2 class=\"wp-block-heading has-text-align-right\" style=\"margin-top:0;margin-right:0;margin-left:calc( var(--wp--preset--spacing--20) * -1);font-size:clamp(3.311rem, 3.311rem + ((1vw - 0.2rem) * 5.648), 6.7rem);line-height:1;writing-mode:vertical-rl\">COME AND PLAY!<\/h2>\n<\/div>\n\n\n\n<div class=\"wp-block-column is-layout-flow wp-block-column-is-layout-flow\" style=\"flex-basis:50%\">\n<div class=\"wp-block-group has-global-padding is-layout-constrained wp-container-core-group-is-layout-36e6658d wp-block-group-is-layout-constrained\" style=\"margin-top:var(--wp--preset--spacing--20);margin-bottom:var(--wp--preset--spacing--20)\">\n<p class=\"wp-container-content-0733e5d0\">Fill in this form and we'll get in touch with you to help clarify all your questions.<\/p>\n\n\n\n<div class=\"wp-block-buttons is-layout-flex wp-block-buttons-is-layout-flex\" style=\"margin-top:var(--wp--preset--spacing--10);margin-bottom:var(--wp--preset--spacing--10)\">\n<div class=\"wp-block-button\"><a class=\"wp-block-button__link wp-element-button\" href=\"https:\/\/forms.gle\/J6FJzFCRVKt2WrFi7\" target=\"_blank\" rel=\"noreferrer noopener\">Learn more<\/a><\/div>\n<\/div>\n<\/div>\n<\/div>\n<\/div>\n<\/div><\/div>","protected":false},"excerpt":{"rendered":"<p>ATIVIDADES NA FLORESTA ESCOLA NA FLORESTA EVENTOS Temos uma miss\u00e3o social e ambiental O dia-a-dia na escola da Floresta, em contexto de aprendizagem ao ar livre, tem um impacto positivo no desenvolvimento das Crian\u00e7as comprovado cientificamente. Acreditamos que a educa\u00e7\u00e3o ao ar livre deveria ter menos que ver com conceitos e muito mais com a&nbsp;viv\u00eancia [&hellip;]<\/p>\n","protected":false},"author":1,"featured_media":0,"parent":0,"menu_order":0,"comment_status":"closed","ping_status":"closed","template":"page-no-title","meta":{"footnotes":""},"class_list":["post-7","page","type-page","status-publish","hentry"],"yoast_head":"<!-- This site is optimized with the Yoast SEO plugin v27.4 - https:\/\/yoast.com\/product\/yoast-seo-wordpress\/ -->\n<title>TUFO - Escola na floresta - TUFO<\/title>\n<meta name=\"description\" content=\"Somos uma\u00a0comunidade de educa\u00e7\u00e3o ao ar livre que proporciona uma inf\u00e2ncia na natureza para\u00a0crian\u00e7as dos 3 aos 6 anos.\" \/>\n<meta name=\"robots\" content=\"index, follow, max-snippet:-1, max-image-preview:large, max-video-preview:-1\" \/>\n<link rel=\"canonical\" href=\"https:\/\/tufo.pt\/en\/\" \/>\n<meta property=\"og:locale\" content=\"en_US\" \/>\n<meta property=\"og:type\" content=\"article\" \/>\n<meta property=\"og:title\" content=\"TUFO - Escola na floresta - TUFO\" \/>\n<meta property=\"og:description\" content=\"Somos uma\u00a0comunidade de educa\u00e7\u00e3o ao ar livre que proporciona uma inf\u00e2ncia na natureza para\u00a0crian\u00e7as dos 3 aos 6 anos.\" \/>\n<meta property=\"og:url\" content=\"https:\/\/tufo.pt\/en\/\" \/>\n<meta property=\"og:site_name\" content=\"TUFO\" \/>\n<meta property=\"article:publisher\" content=\"https:\/\/facebook.com\/tufo.pt\" \/>\n<meta property=\"article:modified_time\" content=\"2026-03-28T10:34:49+00:00\" \/>\n<meta property=\"og:image\" content=\"https:\/\/tufo.pt\/wp-content\/uploads\/2025\/04\/IMG_1134-scaled-1-768x1024.webp\" \/>\n\t<meta property=\"og:image:width\" content=\"768\" \/>\n\t<meta property=\"og:image:height\" content=\"1024\" \/>\n\t<meta property=\"og:image:type\" content=\"image\/webp\" \/>\n<meta name=\"twitter:card\" content=\"summary_large_image\" \/>\n<meta name=\"twitter:label1\" content=\"Est. reading time\" \/>\n\t<meta name=\"twitter:data1\" content=\"2 minutes\" \/>\n<script type=\"application\/ld+json\" class=\"yoast-schema-graph\">{\"@context\":\"https:\\\/\\\/schema.org\",\"@graph\":[{\"@type\":\"WebPage\",\"@id\":\"https:\\\/\\\/tufo.pt\\\/\",\"url\":\"https:\\\/\\\/tufo.pt\\\/\",\"name\":\"TUFO - Escola na floresta - TUFO\",\"isPartOf\":{\"@id\":\"https:\\\/\\\/tufo.pt\\\/#website\"},\"primaryImageOfPage\":{\"@id\":\"https:\\\/\\\/tufo.pt\\\/#primaryimage\"},\"image\":{\"@id\":\"https:\\\/\\\/tufo.pt\\\/#primaryimage\"},\"thumbnailUrl\":\"https:\\\/\\\/tufo.pt\\\/wp-content\\\/uploads\\\/2025\\\/04\\\/IMG_1134-scaled-1-768x1024.webp\",\"datePublished\":\"2025-04-13T16:05:23+00:00\",\"dateModified\":\"2026-03-28T10:34:49+00:00\",\"description\":\"Somos uma\u00a0comunidade de educa\u00e7\u00e3o ao ar livre que proporciona uma inf\u00e2ncia na natureza para\u00a0crian\u00e7as dos 3 aos 6 anos.\",\"breadcrumb\":{\"@id\":\"https:\\\/\\\/tufo.pt\\\/#breadcrumb\"},\"inLanguage\":\"en-US\",\"potentialAction\":[{\"@type\":\"ReadAction\",\"target\":[\"https:\\\/\\\/tufo.pt\\\/\"]}]},{\"@type\":\"ImageObject\",\"inLanguage\":\"en-US\",\"@id\":\"https:\\\/\\\/tufo.pt\\\/#primaryimage\",\"url\":\"https:\\\/\\\/tufo.pt\\\/wp-content\\\/uploads\\\/2025\\\/04\\\/IMG_1134-scaled-1-768x1024.webp\",\"contentUrl\":\"https:\\\/\\\/tufo.pt\\\/wp-content\\\/uploads\\\/2025\\\/04\\\/IMG_1134-scaled-1-768x1024.webp\"},{\"@type\":\"BreadcrumbList\",\"@id\":\"https:\\\/\\\/tufo.pt\\\/#breadcrumb\",\"itemListElement\":[{\"@type\":\"ListItem\",\"position\":1,\"name\":\"In\u00edcio\",\"item\":\"https:\\\/\\\/tufo.pt\\\/\"},{\"@type\":\"ListItem\",\"position\":2,\"name\":\"TUFO &#8211; Escola na floresta\"}]},{\"@type\":\"WebSite\",\"@id\":\"https:\\\/\\\/tufo.pt\\\/#website\",\"url\":\"https:\\\/\\\/tufo.pt\\\/\",\"name\":\"TUFO\",\"description\":\"Escola na floresta\",\"publisher\":{\"@id\":\"https:\\\/\\\/tufo.pt\\\/#organization\"},\"potentialAction\":[{\"@type\":\"SearchAction\",\"target\":{\"@type\":\"EntryPoint\",\"urlTemplate\":\"https:\\\/\\\/tufo.pt\\\/?s={search_term_string}\"},\"query-input\":{\"@type\":\"PropertyValueSpecification\",\"valueRequired\":true,\"valueName\":\"search_term_string\"}}],\"inLanguage\":\"en-US\"},{\"@type\":\"Organization\",\"@id\":\"https:\\\/\\\/tufo.pt\\\/#organization\",\"name\":\"TUFO\",\"url\":\"https:\\\/\\\/tufo.pt\\\/\",\"logo\":{\"@type\":\"ImageObject\",\"inLanguage\":\"en-US\",\"@id\":\"https:\\\/\\\/tufo.pt\\\/#\\\/schema\\\/logo\\\/image\\\/\",\"url\":\"https:\\\/\\\/tufo.pt\\\/wp-content\\\/uploads\\\/2025\\\/04\\\/cropped-logotufo-120.webp\",\"contentUrl\":\"https:\\\/\\\/tufo.pt\\\/wp-content\\\/uploads\\\/2025\\\/04\\\/cropped-logotufo-120.webp\",\"width\":120,\"height\":120,\"caption\":\"TUFO\"},\"image\":{\"@id\":\"https:\\\/\\\/tufo.pt\\\/#\\\/schema\\\/logo\\\/image\\\/\"},\"sameAs\":[\"https:\\\/\\\/facebook.com\\\/tufo.pt\",\"https:\\\/\\\/www.instagram.com\\\/tufo.pt\"]}]}<\/script>\n<!-- \/ Yoast SEO plugin. -->","yoast_head_json":{"title":"TUFO - Escola na floresta - TUFO","description":"Somos uma\u00a0comunidade de educa\u00e7\u00e3o ao ar livre que proporciona uma inf\u00e2ncia na natureza para\u00a0crian\u00e7as dos 3 aos 6 anos.","robots":{"index":"index","follow":"follow","max-snippet":"max-snippet:-1","max-image-preview":"max-image-preview:large","max-video-preview":"max-video-preview:-1"},"canonical":"https:\/\/tufo.pt\/en\/","og_locale":"en_US","og_type":"article","og_title":"TUFO - Escola na floresta - TUFO","og_description":"Somos uma\u00a0comunidade de educa\u00e7\u00e3o ao ar livre que proporciona uma inf\u00e2ncia na natureza para\u00a0crian\u00e7as dos 3 aos 6 anos.","og_url":"https:\/\/tufo.pt\/en\/","og_site_name":"TUFO","article_publisher":"https:\/\/facebook.com\/tufo.pt","article_modified_time":"2026-03-28T10:34:49+00:00","og_image":[{"width":768,"height":1024,"url":"https:\/\/tufo.pt\/wp-content\/uploads\/2025\/04\/IMG_1134-scaled-1-768x1024.webp","type":"image\/webp"}],"twitter_card":"summary_large_image","twitter_misc":{"Est. reading time":"2 minutes"},"schema":{"@context":"https:\/\/schema.org","@graph":[{"@type":"WebPage","@id":"https:\/\/tufo.pt\/","url":"https:\/\/tufo.pt\/","name":"TUFO - Escola na floresta - TUFO","isPartOf":{"@id":"https:\/\/tufo.pt\/#website"},"primaryImageOfPage":{"@id":"https:\/\/tufo.pt\/#primaryimage"},"image":{"@id":"https:\/\/tufo.pt\/#primaryimage"},"thumbnailUrl":"https:\/\/tufo.pt\/wp-content\/uploads\/2025\/04\/IMG_1134-scaled-1-768x1024.webp","datePublished":"2025-04-13T16:05:23+00:00","dateModified":"2026-03-28T10:34:49+00:00","description":"Somos uma\u00a0comunidade de educa\u00e7\u00e3o ao ar livre que proporciona uma inf\u00e2ncia na natureza para\u00a0crian\u00e7as dos 3 aos 6 anos.","breadcrumb":{"@id":"https:\/\/tufo.pt\/#breadcrumb"},"inLanguage":"en-US","potentialAction":[{"@type":"ReadAction","target":["https:\/\/tufo.pt\/"]}]},{"@type":"ImageObject","inLanguage":"en-US","@id":"https:\/\/tufo.pt\/#primaryimage","url":"https:\/\/tufo.pt\/wp-content\/uploads\/2025\/04\/IMG_1134-scaled-1-768x1024.webp","contentUrl":"https:\/\/tufo.pt\/wp-content\/uploads\/2025\/04\/IMG_1134-scaled-1-768x1024.webp"},{"@type":"BreadcrumbList","@id":"https:\/\/tufo.pt\/#breadcrumb","itemListElement":[{"@type":"ListItem","position":1,"name":"In\u00edcio","item":"https:\/\/tufo.pt\/"},{"@type":"ListItem","position":2,"name":"TUFO &#8211; Escola na floresta"}]},{"@type":"WebSite","@id":"https:\/\/tufo.pt\/#website","url":"https:\/\/tufo.pt\/","name":"TUFO","description":"Forest school","publisher":{"@id":"https:\/\/tufo.pt\/#organization"},"potentialAction":[{"@type":"SearchAction","target":{"@type":"EntryPoint","urlTemplate":"https:\/\/tufo.pt\/?s={search_term_string}"},"query-input":{"@type":"PropertyValueSpecification","valueRequired":true,"valueName":"search_term_string"}}],"inLanguage":"en-US"},{"@type":"Organization","@id":"https:\/\/tufo.pt\/#organization","name":"TUFO","url":"https:\/\/tufo.pt\/","logo":{"@type":"ImageObject","inLanguage":"en-US","@id":"https:\/\/tufo.pt\/#\/schema\/logo\/image\/","url":"https:\/\/tufo.pt\/wp-content\/uploads\/2025\/04\/cropped-logotufo-120.webp","contentUrl":"https:\/\/tufo.pt\/wp-content\/uploads\/2025\/04\/cropped-logotufo-120.webp","width":120,"height":120,"caption":"TUFO"},"image":{"@id":"https:\/\/tufo.pt\/#\/schema\/logo\/image\/"},"sameAs":["https:\/\/facebook.com\/tufo.pt","https:\/\/www.instagram.com\/tufo.pt"]}]}},"_links":{"self":[{"href":"https:\/\/tufo.pt\/en\/wp-json\/wp\/v2\/pages\/7","targetHints":{"allow":["GET"]}}],"collection":[{"href":"https:\/\/tufo.pt\/en\/wp-json\/wp\/v2\/pages"}],"about":[{"href":"https:\/\/tufo.pt\/en\/wp-json\/wp\/v2\/types\/page"}],"author":[{"embeddable":true,"href":"https:\/\/tufo.pt\/en\/wp-json\/wp\/v2\/users\/1"}],"replies":[{"embeddable":true,"href":"https:\/\/tufo.pt\/en\/wp-json\/wp\/v2\/comments?post=7"}],"version-history":[{"count":48,"href":"https:\/\/tufo.pt\/en\/wp-json\/wp\/v2\/pages\/7\/revisions"}],"predecessor-version":[{"id":544,"href":"https:\/\/tufo.pt\/en\/wp-json\/wp\/v2\/pages\/7\/revisions\/544"}],"wp:attachment":[{"href":"https:\/\/tufo.pt\/en\/wp-json\/wp\/v2\/media?parent=7"}],"curies":[{"name":"wp","href":"https:\/\/api.w.org\/{rel}","templated":true}]}}